{"id":690,"date":"2026-03-13T18:43:58","date_gmt":"2026-03-13T23:43:58","guid":{"rendered":"https:\/\/investbridge.com.co\/?page_id=690"},"modified":"2026-03-13T19:07:21","modified_gmt":"2026-03-14T00:07:21","slug":"blog","status":"publish","type":"page","link":"https:\/\/investbridge.com.co\/en\/blog\/","title":{"rendered":"Blog"},"content":{"rendered":"\n[et_pb_section fb_built=&#8221;1&#8243; theme_builder_area=&#8221;post_content&#8221; _builder_version=&#8221;4.27.6&#8243; _module_preset=&#8221;default&#8221; alt=&#8221;Blog informativo sobre visas, inversi\u00f3n y migraci\u00f3n a Colombia&#8221; title_text=&#8221;blog_investbridge&#8221; background_image=&#8221;https:\/\/investbridge.com.co\/wp-content\/uploads\/2026\/03\/blog_investbridge.jpg&#8221; min_height=&#8221;278px&#8221;][\/et_pb_section][et_pb_section fb_built=&#8221;1&#8243; theme_builder_area=&#8221;post_content&#8221; _builder_version=&#8221;4.27.6&#8243; _module_preset=&#8221;default&#8221;][et_pb_row _builder_version=&#8221;4.27.6&#8243; _module_preset=&#8221;default&#8221; background_color=&#8221;gcid-cb364ef6-abde-4876-92b4-122cc62c91be&#8221; transform_translate=&#8221;0px|-120px&#8221; transform_translate_linked=&#8221;off&#8221; width=&#8221;60%&#8221; global_colors_info=&#8221;{%22gcid-cb364ef6-abde-4876-92b4-122cc62c91be%22:%91%22background_color%22%93}&#8221; theme_builder_area=&#8221;post_content&#8221;][et_pb_column type=&#8221;4_4&#8243; _builder_version=&#8221;4.27.6&#8243; _module_preset=&#8221;default&#8221; global_colors_info=&#8221;{}&#8221; theme_builder_area=&#8221;post_content&#8221;][dsm_breadcrumbs align=&#8221;center&#8221; _builder_version=&#8221;4.27.6&#8243; _module_preset=&#8221;default&#8221; items_text_color=&#8221;gcid-secondary-color&#8221; home_icon_text_color=&#8221;gcid-secondary-color&#8221; global_colors_info=&#8221;{%22gcid-secondary-color%22:%91%22home_icon_text_color%22,%22items_text_color%22%93}&#8221; theme_builder_area=&#8221;post_content&#8221;][\/dsm_breadcrumbs][et_pb_text _builder_version=&#8221;4.27.6&#8243; _module_preset=&#8221;default&#8221; header_2_font=&#8221;||||||||&#8221; header_2_text_align=&#8221;center&#8221; header_2_line_height=&#8221;1.3em&#8221; width=&#8221;69%&#8221; module_alignment=&#8221;center&#8221; custom_padding=&#8221;|||30px|false|false&#8221; custom_padding_tablet=&#8221;|||30px|false|false&#8221; custom_padding_phone=&#8221;|15px||15px|false|true&#8221; custom_padding_last_edited=&#8221;on|phone&#8221; hover_enabled=&#8221;0&#8243; header_2_text_align_tablet=&#8221;center&#8221; header_2_text_align_phone=&#8221;center&#8221; header_2_text_align_last_edited=&#8221;on|phone&#8221; header_2_font_size_tablet=&#8221;&#8221; header_2_font_size_phone=&#8221;22px&#8221; header_2_font_size_last_edited=&#8221;on|phone&#8221; global_colors_info=&#8221;{}&#8221; theme_builder_area=&#8221;post_content&#8221; sticky_enabled=&#8221;0&#8243;]<h2 class=\"p1\">Specialized content to understand the regulatory and financial landscape of international business and cross-border operations.<\/h2>[\/et_pb_text][\/et_pb_column][\/et_pb_row][et_pb_row _builder_version=&#8221;4.27.6&#8243; _module_preset=&#8221;default&#8221; theme_builder_area=&#8221;post_content&#8221; custom_padding=&#8221;7px|||||&#8221; custom_margin=&#8221;-25px|auto||auto||&#8221;][et_pb_column _builder_version=&#8221;4.27.6&#8243; _module_preset=&#8221;default&#8221; type=&#8221;4_4&#8243; theme_builder_area=&#8221;post_content&#8221;][dsm_text_divider _builder_version=&#8221;4.27.6&#8243; _module_preset=&#8221;default&#8221; theme_builder_area=&#8221;post_content&#8221; header=&#8221;Blog&#8221; header_font=&#8221;|600||on|||||&#8221; global_colors_info=&#8221;{%22gcid-primary-color%22:%91%22header_text_color%22%93}&#8221; header_text_color=&#8221;gcid-primary-color&#8221; hover_enabled=&#8221;0&#8243; sticky_enabled=&#8221;0&#8243;][\/dsm_text_divider][\/et_pb_column][\/et_pb_row][et_pb_row _builder_version=&#8221;4.27.6&#8243; _module_preset=&#8221;default&#8221; theme_builder_area=&#8221;post_content&#8221;][et_pb_column _builder_version=&#8221;4.27.6&#8243; _module_preset=&#8221;default&#8221; type=&#8221;4_4&#8243; theme_builder_area=&#8221;post_content&#8221;][et_pb_blog _builder_version=&#8221;4.27.6&#8243; _module_preset=&#8221;default&#8221; theme_builder_area=&#8221;post_content&#8221; fullwidth=&#8221;off&#8221; include_categories=&#8221;all&#8221; show_more=&#8221;on&#8221; show_author=&#8221;off&#8221; box_shadow_style=&#8221;preset1&#8243; border_width_all=&#8221;0px&#8221; hover_enabled=&#8221;0&#8243; sticky_enabled=&#8221;0&#8243; header_line_height=&#8221;1.2em&#8221; read_more_font=&#8221;|600|||on||||&#8221; read_more_line_height=&#8221;3.2em&#8221;][\/et_pb_blog][\/et_pb_column][\/et_pb_row][\/et_pb_section]\n","protected":false},"excerpt":{"rendered":"<p><div class=\"et_pb_module dsm_breadcrumbs dsm_breadcrumbs_0\">\n\t\t\t\t\n\t\t\t\t\n\t\t\t\t\n\t\t\t\t\n\t\t\t\t\n\t\t\t\t\n\t\t\t\t<div class=\"et_pb_module_inner\">\n\t\t\t\t\t<nav class=\"dsm_breadcrumbs_wrap\">\n\t\t\t\t<ul class=\"dsm_breadcrumbs\" itemscope itemtype=\"https:\/\/schema.org\/BreadcrumbList\">\t\t\t<li class=\"dsm_breadcrumbs_item dsm_home_item dsm_home_item_custom\" itemprop=\"itemListElement\" itemscope\n\t\t\titemtype=\"https:\/\/schema.org\/ListItem\">\n\t\t\t\t<a href=\"https:\/\/investbridge.com.co\/en\" itemprop=\"item\" target=\"\">\n\t\t\t\t\t<span class='dsm_home_text_wrapper'>\n\t\t\t\t\t\t\t\t\t\t\t\t\t<span class=\"et-pb-icon dsm_home_icon\">\ue009<\/span>\n\t\t\t\t\t\t\t\t\t\t\t\t\t<span class=\"dsm_home_text\" itemprop=\"name\">\n\t\t\t\t\t\t\t\tHome\t\t\t\t\t\t\t<\/span>\n\t\t\t\t\t<\/span>\n\t\t\t\t<\/a>\n\t\t\t\t<meta itemprop=\"position\" content=\"1\" \/>\n\t\t\t<\/li>\n\n\t\t<li class=\"dsm_breadcrumbs_separator\"> <span class=\"et-pb-icon dsm_separator_icon\">5<\/span><\/li><\/ul>\n\t\t\t<\/nav>\n\t\t\t\t<\/div>\n\t\t\t<\/div>Specialized content to understand the regulatory and financial landscape of international business and cross-border operations.<div class=\"et_pb_module dsm_text_divider dsm_text_divider_0\">\n\t\t\t\t\n\t\t\t\t\n\t\t\t\t\n\t\t\t\t\n\t\t\t\t\n\t\t\t\t\n\t\t\t\t<div class=\"et_pb_module_inner\">\n\t\t\t\t\t<div class=\"dsm-text-divider-wrapper dsm-text-divider-align-center et_pb_bg_layout_light\">\n\t\t\t\t\n\t\t\t\t\n\t\t\t\t<div class=\"dsm-text-divider-before dsm-divider\"><\/div>\n\t\t\t\t<h3 class=\"dsm-text-divider-header et_pb_module_header\"><span>Blog<\/span><\/h3>\n\t\t\t\t<div class=\"dsm-text-divider-after dsm-divider\"><\/div>\n\t\t\t<\/div>\n\t\t\t\t<\/div>\n\t\t\t<\/div><\/p>\n","protected":false},"author":1,"featured_media":0,"parent":0,"menu_order":0,"comment_status":"closed","ping_status":"closed","template":"","meta":{"_et_pb_use_builder":"on","_et_pb_old_content":"","_et_gb_content_width":"","footnotes":""},"class_list":["post-690","page","type-page","status-publish","hentry"],"yoast_head":"<!-- This site is optimized with the Yoast SEO plugin v27.5 - https:\/\/yoast.com\/product\/yoast-seo-wordpress\/ -->\n<title>Blog de Negocios Internacionales en Colombia | InvestBridge<\/title>\n<meta name=\"description\" content=\"Explore nuestro blog de negocios internacionales en Colombia con art\u00edculos sobre regulaci\u00f3n, inversi\u00f3n y operaciones internacionales.\" \/>\n<meta name=\"robots\" content=\"index, follow, max-snippet:-1, max-image-preview:large, max-video-preview:-1\" \/>\n<link rel=\"canonical\" href=\"https:\/\/investbridge.com.co\/en\/blog\/\" \/>\n<meta property=\"og:locale\" content=\"en_US\" \/>\n<meta property=\"og:type\" content=\"article\" \/>\n<meta property=\"og:title\" content=\"Blog de Negocios Internacionales en Colombia | InvestBridge\" \/>\n<meta property=\"og:description\" content=\"Explore nuestro blog de negocios internacionales en Colombia con art\u00edculos sobre regulaci\u00f3n, inversi\u00f3n y operaciones internacionales.\" \/>\n<meta property=\"og:url\" content=\"https:\/\/investbridge.com.co\/en\/blog\/\" \/>\n<meta property=\"og:site_name\" content=\"InvestBridge\" \/>\n<meta property=\"article:publisher\" content=\"https:\/\/www.facebook.com\/investbridgecolombia\" \/>\n<meta property=\"article:modified_time\" content=\"2026-03-14T00:07:21+00:00\" \/>\n<meta name=\"twitter:card\" content=\"summary_large_image\" \/>\n<meta name=\"twitter:label1\" content=\"Est. reading time\" \/>\n\t<meta name=\"twitter:data1\" content=\"1 minute\" \/>\n<script type=\"application\/ld+json\" class=\"yoast-schema-graph\">{\"@context\":\"https:\\\/\\\/schema.org\",\"@graph\":[{\"@type\":\"WebPage\",\"@id\":\"https:\\\/\\\/investbridge.com.co\\\/blog\\\/\",\"url\":\"https:\\\/\\\/investbridge.com.co\\\/blog\\\/\",\"name\":\"Blog de Negocios Internacionales en Colombia | InvestBridge\",\"isPartOf\":{\"@id\":\"https:\\\/\\\/investbridge.com.co\\\/#website\"},\"datePublished\":\"2026-03-13T23:43:58+00:00\",\"dateModified\":\"2026-03-14T00:07:21+00:00\",\"description\":\"Explore nuestro blog de negocios internacionales en Colombia con art\u00edculos sobre regulaci\u00f3n, inversi\u00f3n y operaciones internacionales.\",\"breadcrumb\":{\"@id\":\"https:\\\/\\\/investbridge.com.co\\\/blog\\\/#breadcrumb\"},\"inLanguage\":\"en-US\",\"potentialAction\":[{\"@type\":\"ReadAction\",\"target\":[\"https:\\\/\\\/investbridge.com.co\\\/blog\\\/\"]}]},{\"@type\":\"BreadcrumbList\",\"@id\":\"https:\\\/\\\/investbridge.com.co\\\/blog\\\/#breadcrumb\",\"itemListElement\":[{\"@type\":\"ListItem\",\"position\":1,\"name\":\"Inicio\",\"item\":\"https:\\\/\\\/investbridge.com.co\\\/\"},{\"@type\":\"ListItem\",\"position\":2,\"name\":\"Blog\"}]},{\"@type\":\"WebSite\",\"@id\":\"https:\\\/\\\/investbridge.com.co\\\/#website\",\"url\":\"https:\\\/\\\/investbridge.com.co\\\/\",\"name\":\"InvestBridge\",\"description\":\"Visas \u2022 Banking \u2022 Compliance in Colombia\",\"publisher\":{\"@id\":\"https:\\\/\\\/investbridge.com.co\\\/#organization\"},\"potentialAction\":[{\"@type\":\"SearchAction\",\"target\":{\"@type\":\"EntryPoint\",\"urlTemplate\":\"https:\\\/\\\/investbridge.com.co\\\/?s={search_term_string}\"},\"query-input\":{\"@type\":\"PropertyValueSpecification\",\"valueRequired\":true,\"valueName\":\"search_term_string\"}}],\"inLanguage\":\"en-US\"},{\"@type\":\"Organization\",\"@id\":\"https:\\\/\\\/investbridge.com.co\\\/#organization\",\"name\":\"InvestBridge\",\"url\":\"https:\\\/\\\/investbridge.com.co\\\/\",\"logo\":{\"@type\":\"ImageObject\",\"inLanguage\":\"en-US\",\"@id\":\"https:\\\/\\\/investbridge.com.co\\\/#\\\/schema\\\/logo\\\/image\\\/\",\"url\":\"https:\\\/\\\/investbridge.com.co\\\/wp-content\\\/uploads\\\/2026\\\/03\\\/InvestBridge_logo_menu.png\",\"contentUrl\":\"https:\\\/\\\/investbridge.com.co\\\/wp-content\\\/uploads\\\/2026\\\/03\\\/InvestBridge_logo_menu.png\",\"width\":1280,\"height\":654,\"caption\":\"InvestBridge\"},\"image\":{\"@id\":\"https:\\\/\\\/investbridge.com.co\\\/#\\\/schema\\\/logo\\\/image\\\/\"},\"sameAs\":[\"https:\\\/\\\/www.facebook.com\\\/investbridgecolombia\"]}]}<\/script>\n<!-- \/ Yoast SEO plugin. -->","yoast_head_json":{"title":"Blog de Negocios Internacionales en Colombia | InvestBridge","description":"Explore nuestro blog de negocios internacionales en Colombia con art\u00edculos sobre regulaci\u00f3n, inversi\u00f3n y operaciones internacionales.","robots":{"index":"index","follow":"follow","max-snippet":"max-snippet:-1","max-image-preview":"max-image-preview:large","max-video-preview":"max-video-preview:-1"},"canonical":"https:\/\/investbridge.com.co\/en\/blog\/","og_locale":"en_US","og_type":"article","og_title":"Blog de Negocios Internacionales en Colombia | InvestBridge","og_description":"Explore nuestro blog de negocios internacionales en Colombia con art\u00edculos sobre regulaci\u00f3n, inversi\u00f3n y operaciones internacionales.","og_url":"https:\/\/investbridge.com.co\/en\/blog\/","og_site_name":"InvestBridge","article_publisher":"https:\/\/www.facebook.com\/investbridgecolombia","article_modified_time":"2026-03-14T00:07:21+00:00","twitter_card":"summary_large_image","twitter_misc":{"Est. reading time":"1 minute"},"schema":{"@context":"https:\/\/schema.org","@graph":[{"@type":"WebPage","@id":"https:\/\/investbridge.com.co\/blog\/","url":"https:\/\/investbridge.com.co\/blog\/","name":"Blog de Negocios Internacionales en Colombia | InvestBridge","isPartOf":{"@id":"https:\/\/investbridge.com.co\/#website"},"datePublished":"2026-03-13T23:43:58+00:00","dateModified":"2026-03-14T00:07:21+00:00","description":"Explore nuestro blog de negocios internacionales en Colombia con art\u00edculos sobre regulaci\u00f3n, inversi\u00f3n y operaciones internacionales.","breadcrumb":{"@id":"https:\/\/investbridge.com.co\/blog\/#breadcrumb"},"inLanguage":"en-US","potentialAction":[{"@type":"ReadAction","target":["https:\/\/investbridge.com.co\/blog\/"]}]},{"@type":"BreadcrumbList","@id":"https:\/\/investbridge.com.co\/blog\/#breadcrumb","itemListElement":[{"@type":"ListItem","position":1,"name":"Inicio","item":"https:\/\/investbridge.com.co\/"},{"@type":"ListItem","position":2,"name":"Blog"}]},{"@type":"WebSite","@id":"https:\/\/investbridge.com.co\/#website","url":"https:\/\/investbridge.com.co\/","name":"InvestBridge","description":"Visas \u2022 Banking \u2022 Compliance in Colombia","publisher":{"@id":"https:\/\/investbridge.com.co\/#organization"},"potentialAction":[{"@type":"SearchAction","target":{"@type":"EntryPoint","urlTemplate":"https:\/\/investbridge.com.co\/?s={search_term_string}"},"query-input":{"@type":"PropertyValueSpecification","valueRequired":true,"valueName":"search_term_string"}}],"inLanguage":"en-US"},{"@type":"Organization","@id":"https:\/\/investbridge.com.co\/#organization","name":"InvestBridge","url":"https:\/\/investbridge.com.co\/","logo":{"@type":"ImageObject","inLanguage":"en-US","@id":"https:\/\/investbridge.com.co\/#\/schema\/logo\/image\/","url":"https:\/\/investbridge.com.co\/wp-content\/uploads\/2026\/03\/InvestBridge_logo_menu.png","contentUrl":"https:\/\/investbridge.com.co\/wp-content\/uploads\/2026\/03\/InvestBridge_logo_menu.png","width":1280,"height":654,"caption":"InvestBridge"},"image":{"@id":"https:\/\/investbridge.com.co\/#\/schema\/logo\/image\/"},"sameAs":["https:\/\/www.facebook.com\/investbridgecolombia"]}]}},"_links":{"self":[{"href":"https:\/\/investbridge.com.co\/en\/wp-json\/wp\/v2\/pages\/690","targetHints":{"allow":["GET"]}}],"collection":[{"href":"https:\/\/investbridge.com.co\/en\/wp-json\/wp\/v2\/pages"}],"about":[{"href":"https:\/\/investbridge.com.co\/en\/wp-json\/wp\/v2\/types\/page"}],"author":[{"embeddable":true,"href":"https:\/\/investbridge.com.co\/en\/wp-json\/wp\/v2\/users\/1"}],"replies":[{"embeddable":true,"href":"https:\/\/investbridge.com.co\/en\/wp-json\/wp\/v2\/comments?post=690"}],"version-history":[{"count":6,"href":"https:\/\/investbridge.com.co\/en\/wp-json\/wp\/v2\/pages\/690\/revisions"}],"predecessor-version":[{"id":700,"href":"https:\/\/investbridge.com.co\/en\/wp-json\/wp\/v2\/pages\/690\/revisions\/700"}],"wp:attachment":[{"href":"https:\/\/investbridge.com.co\/en\/wp-json\/wp\/v2\/media?parent=690"}],"curies":[{"name":"wp","href":"https:\/\/api.w.org\/{rel}","templated":true}]}}